{"id":5514,"date":"2017-09-28T13:18:37","date_gmt":"2017-09-28T13:18:37","guid":{"rendered":"https:\/\/demo.goodlayers.com\/financity\/?page_id=5514"},"modified":"2025-03-23T19:35:14","modified_gmt":"2025-03-23T19:35:14","slug":"uvodni-strana","status":"publish","type":"page","link":"https:\/\/www.biomechanika.cz\/en\/","title":{"rendered":"Homepage"},"content":{"rendered":"","protected":false},"excerpt":{"rendered":"","protected":false},"author":1,"featured_media":0,"parent":0,"menu_order":0,"comment_status":"closed","ping_status":"closed","template":"","meta":{"footnotes":""},"class_list":["post-5514","page","type-page","status-publish","hentry"],"yoast_head":"<!-- This site is optimized with the Yoast SEO plugin v26.4 - https:\/\/yoast.com\/wordpress\/plugins\/seo\/ -->\n<title>Biomechanika<\/title>\n<meta name=\"description\" content=\"C\u00edlem profilu studia Biomechanika je poskytnut\u00ed z\u00e1kladn\u00edch znalost\u00ed nutn\u00fdch pro pochopen\u00ed mechanick\u00fdch funkc\u00ed lidsk\u00e9ho t\u011bla. Studenti uplatn\u00ed znalosti z p\u0159edm\u011bt\u016f obecn\u00e9ho z\u00e1kladu strojn\u00edho in\u017een\u00fdrstv\u00ed p\u0159i pochopen\u00ed pohybu \u010dlov\u011bka a biomechanick\u00fdch funkc\u00ed sval\u016f, kost\u00ed, kloub\u016f nebo srdce a c\u00e9v. Z\u00edskaj\u00ed tak z\u00e1kladn\u00ed znalosti nejen o \u010dinnosti svalov\u011b-kostern\u00edho a kardiovaskul\u00e1rn\u00edho syst\u00e9mu z pohledu in\u017een\u00fdrstv\u00ed ale tak\u00e9 p\u0159ehled o mo\u017enostech n\u00e1hrad org\u00e1n\u016f a \u010d\u00e1st\u00ed t\u011bla pomoc\u00ed in\u017een\u00fdrsk\u00fdch implant\u00e1t\u016f.\" \/>\n<meta name=\"robots\" content=\"index, follow, max-snippet:-1, max-image-preview:large, max-video-preview:-1\" \/>\n<link rel=\"canonical\" href=\"https:\/\/www.biomechanika.cz\/en\/\" \/>\n<meta property=\"og:locale\" content=\"en_US\" \/>\n<meta property=\"og:type\" content=\"article\" \/>\n<meta property=\"og:title\" content=\"Versute Investments\" \/>\n<meta property=\"og:description\" content=\"Investi\u010dn\u00ed a poradensk\u00e1 spole\u010dnost\" \/>\n<meta property=\"og:url\" content=\"https:\/\/www.biomechanika.cz\/en\/\" \/>\n<meta property=\"og:site_name\" content=\"Biomechanika\" \/>\n<meta property=\"article:modified_time\" content=\"2025-03-23T19:35:14+00:00\" \/>\n<meta name=\"twitter:card\" content=\"summary_large_image\" \/>\n<meta name=\"twitter:label1\" content=\"Est. reading time\" \/>\n\t<meta name=\"twitter:data1\" content=\"7 minutes\" \/>\n<script type=\"application\/ld+json\" class=\"yoast-schema-graph\">{\"@context\":\"https:\/\/schema.org\",\"@graph\":[{\"@type\":\"WebPage\",\"@id\":\"https:\/\/www.biomechanika.cz\/cs_cz\/\",\"url\":\"https:\/\/www.biomechanika.cz\/cs_cz\/\",\"name\":\"Biomechanika\",\"isPartOf\":{\"@id\":\"https:\/\/www.biomechanika.cz\/cs_cz\/#website\"},\"datePublished\":\"2017-09-28T13:18:37+00:00\",\"dateModified\":\"2025-03-23T19:35:14+00:00\",\"description\":\"C\u00edlem profilu studia Biomechanika je poskytnut\u00ed z\u00e1kladn\u00edch znalost\u00ed nutn\u00fdch pro pochopen\u00ed mechanick\u00fdch funkc\u00ed lidsk\u00e9ho t\u011bla. Studenti uplatn\u00ed znalosti z p\u0159edm\u011bt\u016f obecn\u00e9ho z\u00e1kladu strojn\u00edho in\u017een\u00fdrstv\u00ed p\u0159i pochopen\u00ed pohybu \u010dlov\u011bka a biomechanick\u00fdch funkc\u00ed sval\u016f, kost\u00ed, kloub\u016f nebo srdce a c\u00e9v. Z\u00edskaj\u00ed tak z\u00e1kladn\u00ed znalosti nejen o \u010dinnosti svalov\u011b-kostern\u00edho a kardiovaskul\u00e1rn\u00edho syst\u00e9mu z pohledu in\u017een\u00fdrstv\u00ed ale tak\u00e9 p\u0159ehled o mo\u017enostech n\u00e1hrad org\u00e1n\u016f a \u010d\u00e1st\u00ed t\u011bla pomoc\u00ed in\u017een\u00fdrsk\u00fdch implant\u00e1t\u016f.\",\"breadcrumb\":{\"@id\":\"https:\/\/www.biomechanika.cz\/cs_cz\/#breadcrumb\"},\"inLanguage\":\"en-US\",\"potentialAction\":[{\"@type\":\"ReadAction\",\"target\":[\"https:\/\/www.biomechanika.cz\/cs_cz\/\"]}]},{\"@type\":\"BreadcrumbList\",\"@id\":\"https:\/\/www.biomechanika.cz\/cs_cz\/#breadcrumb\",\"itemListElement\":[{\"@type\":\"ListItem\",\"position\":1,\"name\":\"Dom\u016f\",\"item\":\"https:\/\/www.biomechanika.cz\/cs_cz\/\"},{\"@type\":\"ListItem\",\"position\":2,\"name\":\"Homepage\"}]},{\"@type\":\"WebSite\",\"@id\":\"https:\/\/www.biomechanika.cz\/cs_cz\/#website\",\"url\":\"https:\/\/www.biomechanika.cz\/cs_cz\/\",\"name\":\"Versute Investments\",\"description\":\"\u00dastav mechaniky, biomechaniky a mechatroniky \u010cVUT\",\"publisher\":{\"@id\":\"https:\/\/www.biomechanika.cz\/cs_cz\/#organization\"},\"potentialAction\":[{\"@type\":\"SearchAction\",\"target\":{\"@type\":\"EntryPoint\",\"urlTemplate\":\"https:\/\/www.biomechanika.cz\/cs_cz\/?s={search_term_string}\"},\"query-input\":{\"@type\":\"PropertyValueSpecification\",\"valueRequired\":true,\"valueName\":\"search_term_string\"}}],\"inLanguage\":\"en-US\"},{\"@type\":\"Organization\",\"@id\":\"https:\/\/www.biomechanika.cz\/cs_cz\/#organization\",\"name\":\"Versute Investments\",\"url\":\"https:\/\/www.biomechanika.cz\/cs_cz\/\",\"logo\":{\"@type\":\"ImageObject\",\"inLanguage\":\"en-US\",\"@id\":\"https:\/\/www.biomechanika.cz\/cs_cz\/#\/schema\/logo\/image\/\",\"url\":\"https:\/\/www.biomechanika.cz\/wp-content\/uploads\/2024\/08\/hlavni-logo134-removebg-preview.png\",\"contentUrl\":\"https:\/\/www.biomechanika.cz\/wp-content\/uploads\/2024\/08\/hlavni-logo134-removebg-preview.png\",\"width\":408,\"height\":89,\"caption\":\"Versute Investments\"},\"image\":{\"@id\":\"https:\/\/www.biomechanika.cz\/cs_cz\/#\/schema\/logo\/image\/\"},\"sameAs\":[\"https:\/\/cz.linkedin.com\/company\/versute-investments\"]}]}<\/script>\n<!-- \/ Yoast SEO plugin. -->","yoast_head_json":{"title":"Biomechanika","description":"C\u00edlem profilu studia Biomechanika je poskytnut\u00ed z\u00e1kladn\u00edch znalost\u00ed nutn\u00fdch pro pochopen\u00ed mechanick\u00fdch funkc\u00ed lidsk\u00e9ho t\u011bla. Studenti uplatn\u00ed znalosti z p\u0159edm\u011bt\u016f obecn\u00e9ho z\u00e1kladu strojn\u00edho in\u017een\u00fdrstv\u00ed p\u0159i pochopen\u00ed pohybu \u010dlov\u011bka a biomechanick\u00fdch funkc\u00ed sval\u016f, kost\u00ed, kloub\u016f nebo srdce a c\u00e9v. Z\u00edskaj\u00ed tak z\u00e1kladn\u00ed znalosti nejen o \u010dinnosti svalov\u011b-kostern\u00edho a kardiovaskul\u00e1rn\u00edho syst\u00e9mu z pohledu in\u017een\u00fdrstv\u00ed ale tak\u00e9 p\u0159ehled o mo\u017enostech n\u00e1hrad org\u00e1n\u016f a \u010d\u00e1st\u00ed t\u011bla pomoc\u00ed in\u017een\u00fdrsk\u00fdch implant\u00e1t\u016f.","robots":{"index":"index","follow":"follow","max-snippet":"max-snippet:-1","max-image-preview":"max-image-preview:large","max-video-preview":"max-video-preview:-1"},"canonical":"https:\/\/www.biomechanika.cz\/en\/","og_locale":"en_US","og_type":"article","og_title":"Versute Investments","og_description":"Investi\u010dn\u00ed a poradensk\u00e1 spole\u010dnost","og_url":"https:\/\/www.biomechanika.cz\/en\/","og_site_name":"Biomechanika","article_modified_time":"2025-03-23T19:35:14+00:00","twitter_card":"summary_large_image","twitter_misc":{"Est. reading time":"7 minutes"},"schema":{"@context":"https:\/\/schema.org","@graph":[{"@type":"WebPage","@id":"https:\/\/www.biomechanika.cz\/cs_cz\/","url":"https:\/\/www.biomechanika.cz\/cs_cz\/","name":"Biomechanika","isPartOf":{"@id":"https:\/\/www.biomechanika.cz\/cs_cz\/#website"},"datePublished":"2017-09-28T13:18:37+00:00","dateModified":"2025-03-23T19:35:14+00:00","description":"C\u00edlem profilu studia Biomechanika je poskytnut\u00ed z\u00e1kladn\u00edch znalost\u00ed nutn\u00fdch pro pochopen\u00ed mechanick\u00fdch funkc\u00ed lidsk\u00e9ho t\u011bla. Studenti uplatn\u00ed znalosti z p\u0159edm\u011bt\u016f obecn\u00e9ho z\u00e1kladu strojn\u00edho in\u017een\u00fdrstv\u00ed p\u0159i pochopen\u00ed pohybu \u010dlov\u011bka a biomechanick\u00fdch funkc\u00ed sval\u016f, kost\u00ed, kloub\u016f nebo srdce a c\u00e9v. Z\u00edskaj\u00ed tak z\u00e1kladn\u00ed znalosti nejen o \u010dinnosti svalov\u011b-kostern\u00edho a kardiovaskul\u00e1rn\u00edho syst\u00e9mu z pohledu in\u017een\u00fdrstv\u00ed ale tak\u00e9 p\u0159ehled o mo\u017enostech n\u00e1hrad org\u00e1n\u016f a \u010d\u00e1st\u00ed t\u011bla pomoc\u00ed in\u017een\u00fdrsk\u00fdch implant\u00e1t\u016f.","breadcrumb":{"@id":"https:\/\/www.biomechanika.cz\/cs_cz\/#breadcrumb"},"inLanguage":"en-US","potentialAction":[{"@type":"ReadAction","target":["https:\/\/www.biomechanika.cz\/cs_cz\/"]}]},{"@type":"BreadcrumbList","@id":"https:\/\/www.biomechanika.cz\/cs_cz\/#breadcrumb","itemListElement":[{"@type":"ListItem","position":1,"name":"Dom\u016f","item":"https:\/\/www.biomechanika.cz\/cs_cz\/"},{"@type":"ListItem","position":2,"name":"Homepage"}]},{"@type":"WebSite","@id":"https:\/\/www.biomechanika.cz\/cs_cz\/#website","url":"https:\/\/www.biomechanika.cz\/cs_cz\/","name":"Versute Investments","description":"\u00dastav mechaniky, biomechaniky a mechatroniky \u010cVUT","publisher":{"@id":"https:\/\/www.biomechanika.cz\/cs_cz\/#organization"},"potentialAction":[{"@type":"SearchAction","target":{"@type":"EntryPoint","urlTemplate":"https:\/\/www.biomechanika.cz\/cs_cz\/?s={search_term_string}"},"query-input":{"@type":"PropertyValueSpecification","valueRequired":true,"valueName":"search_term_string"}}],"inLanguage":"en-US"},{"@type":"Organization","@id":"https:\/\/www.biomechanika.cz\/cs_cz\/#organization","name":"Versute Investments","url":"https:\/\/www.biomechanika.cz\/cs_cz\/","logo":{"@type":"ImageObject","inLanguage":"en-US","@id":"https:\/\/www.biomechanika.cz\/cs_cz\/#\/schema\/logo\/image\/","url":"https:\/\/www.biomechanika.cz\/wp-content\/uploads\/2024\/08\/hlavni-logo134-removebg-preview.png","contentUrl":"https:\/\/www.biomechanika.cz\/wp-content\/uploads\/2024\/08\/hlavni-logo134-removebg-preview.png","width":408,"height":89,"caption":"Versute Investments"},"image":{"@id":"https:\/\/www.biomechanika.cz\/cs_cz\/#\/schema\/logo\/image\/"},"sameAs":["https:\/\/cz.linkedin.com\/company\/versute-investments"]}]}},"_links":{"self":[{"href":"https:\/\/www.biomechanika.cz\/en\/wp-json\/wp\/v2\/pages\/5514","targetHints":{"allow":["GET"]}}],"collection":[{"href":"https:\/\/www.biomechanika.cz\/en\/wp-json\/wp\/v2\/pages"}],"about":[{"href":"https:\/\/www.biomechanika.cz\/en\/wp-json\/wp\/v2\/types\/page"}],"author":[{"embeddable":true,"href":"https:\/\/www.biomechanika.cz\/en\/wp-json\/wp\/v2\/users\/1"}],"replies":[{"embeddable":true,"href":"https:\/\/www.biomechanika.cz\/en\/wp-json\/wp\/v2\/comments?post=5514"}],"version-history":[{"count":5,"href":"https:\/\/www.biomechanika.cz\/en\/wp-json\/wp\/v2\/pages\/5514\/revisions"}],"predecessor-version":[{"id":8106,"href":"https:\/\/www.biomechanika.cz\/en\/wp-json\/wp\/v2\/pages\/5514\/revisions\/8106"}],"wp:attachment":[{"href":"https:\/\/www.biomechanika.cz\/en\/wp-json\/wp\/v2\/media?parent=5514"}],"curies":[{"name":"wp","href":"https:\/\/api.w.org\/{rel}","templated":true}]}}