{"id":7033,"date":"2025-03-03T17:23:57","date_gmt":"2025-03-03T17:23:57","guid":{"rendered":"https:\/\/www.biomechanika.cz\/?page_id=7033"},"modified":"2025-03-15T09:04:37","modified_gmt":"2025-03-15T09:04:37","slug":"pracoviste","status":"publish","type":"page","link":"https:\/\/www.biomechanika.cz\/cs_cz\/pracoviste\/","title":{"rendered":"Pracovi\u0161t\u011b"},"content":{"rendered":"","protected":false},"excerpt":{"rendered":"","protected":false},"author":1,"featured_media":0,"parent":0,"menu_order":0,"comment_status":"closed","ping_status":"closed","template":"","meta":{"footnotes":""},"class_list":["post-7033","page","type-page","status-publish","hentry"],"yoast_head":"<!-- This site is optimized with the Yoast SEO plugin v26.4 - https:\/\/yoast.com\/wordpress\/plugins\/seo\/ -->\n<title>Pracovi\u0161t\u011b - Biomechanika<\/title>\n<meta name=\"robots\" content=\"index, follow, max-snippet:-1, max-image-preview:large, max-video-preview:-1\" \/>\n<link rel=\"canonical\" href=\"http:\/\/www.biomechanika.cz\/cs_cz\/pracoviste\/\" \/>\n<meta property=\"og:locale\" content=\"cs_CZ\" \/>\n<meta property=\"og:type\" content=\"article\" \/>\n<meta property=\"og:title\" content=\"Pracovi\u0161t\u011b - Biomechanika\" \/>\n<meta property=\"og:url\" content=\"http:\/\/www.biomechanika.cz\/cs_cz\/pracoviste\/\" \/>\n<meta property=\"og:site_name\" content=\"Biomechanika\" \/>\n<meta property=\"article:modified_time\" content=\"2025-03-15T09:04:37+00:00\" \/>\n<meta name=\"twitter:card\" content=\"summary_large_image\" \/>\n<meta name=\"twitter:label1\" content=\"Odhadovan\u00e1 doba \u010dten\u00ed\" \/>\n\t<meta name=\"twitter:data1\" content=\"13 minut\" \/>\n<script type=\"application\/ld+json\" class=\"yoast-schema-graph\">{\"@context\":\"https:\/\/schema.org\",\"@graph\":[{\"@type\":\"WebPage\",\"@id\":\"http:\/\/www.biomechanika.cz\/cs_cz\/pracoviste\/\",\"url\":\"http:\/\/www.biomechanika.cz\/cs_cz\/pracoviste\/\",\"name\":\"Pracovi\u0161t\u011b - Biomechanika\",\"isPartOf\":{\"@id\":\"https:\/\/www.biomechanika.cz\/cs_cz\/#website\"},\"datePublished\":\"2025-03-03T17:23:57+00:00\",\"dateModified\":\"2025-03-15T09:04:37+00:00\",\"breadcrumb\":{\"@id\":\"http:\/\/www.biomechanika.cz\/cs_cz\/pracoviste\/#breadcrumb\"},\"inLanguage\":\"cs\",\"potentialAction\":[{\"@type\":\"ReadAction\",\"target\":[\"http:\/\/www.biomechanika.cz\/cs_cz\/pracoviste\/\"]}]},{\"@type\":\"BreadcrumbList\",\"@id\":\"http:\/\/www.biomechanika.cz\/cs_cz\/pracoviste\/#breadcrumb\",\"itemListElement\":[{\"@type\":\"ListItem\",\"position\":1,\"name\":\"Dom\u016f\",\"item\":\"https:\/\/www.biomechanika.cz\/cs_cz\/\"},{\"@type\":\"ListItem\",\"position\":2,\"name\":\"Pracovi\u0161t\u011b\"}]},{\"@type\":\"WebSite\",\"@id\":\"https:\/\/www.biomechanika.cz\/cs_cz\/#website\",\"url\":\"https:\/\/www.biomechanika.cz\/cs_cz\/\",\"name\":\"Versute Investments\",\"description\":\"\u00dastav mechaniky, biomechaniky a mechatroniky \u010cVUT\",\"publisher\":{\"@id\":\"https:\/\/www.biomechanika.cz\/cs_cz\/#organization\"},\"potentialAction\":[{\"@type\":\"SearchAction\",\"target\":{\"@type\":\"EntryPoint\",\"urlTemplate\":\"https:\/\/www.biomechanika.cz\/cs_cz\/?s={search_term_string}\"},\"query-input\":{\"@type\":\"PropertyValueSpecification\",\"valueRequired\":true,\"valueName\":\"search_term_string\"}}],\"inLanguage\":\"cs\"},{\"@type\":\"Organization\",\"@id\":\"https:\/\/www.biomechanika.cz\/cs_cz\/#organization\",\"name\":\"Versute Investments\",\"url\":\"https:\/\/www.biomechanika.cz\/cs_cz\/\",\"logo\":{\"@type\":\"ImageObject\",\"inLanguage\":\"cs\",\"@id\":\"https:\/\/www.biomechanika.cz\/cs_cz\/#\/schema\/logo\/image\/\",\"url\":\"https:\/\/www.biomechanika.cz\/wp-content\/uploads\/2024\/08\/hlavni-logo134-removebg-preview.png\",\"contentUrl\":\"https:\/\/www.biomechanika.cz\/wp-content\/uploads\/2024\/08\/hlavni-logo134-removebg-preview.png\",\"width\":408,\"height\":89,\"caption\":\"Versute Investments\"},\"image\":{\"@id\":\"https:\/\/www.biomechanika.cz\/cs_cz\/#\/schema\/logo\/image\/\"},\"sameAs\":[\"https:\/\/cz.linkedin.com\/company\/versute-investments\"]}]}<\/script>\n<!-- \/ Yoast SEO plugin. -->","yoast_head_json":{"title":"Pracovi\u0161t\u011b - Biomechanika","robots":{"index":"index","follow":"follow","max-snippet":"max-snippet:-1","max-image-preview":"max-image-preview:large","max-video-preview":"max-video-preview:-1"},"canonical":"http:\/\/www.biomechanika.cz\/cs_cz\/pracoviste\/","og_locale":"cs_CZ","og_type":"article","og_title":"Pracovi\u0161t\u011b - Biomechanika","og_url":"http:\/\/www.biomechanika.cz\/cs_cz\/pracoviste\/","og_site_name":"Biomechanika","article_modified_time":"2025-03-15T09:04:37+00:00","twitter_card":"summary_large_image","twitter_misc":{"Odhadovan\u00e1 doba \u010dten\u00ed":"13 minut"},"schema":{"@context":"https:\/\/schema.org","@graph":[{"@type":"WebPage","@id":"http:\/\/www.biomechanika.cz\/cs_cz\/pracoviste\/","url":"http:\/\/www.biomechanika.cz\/cs_cz\/pracoviste\/","name":"Pracovi\u0161t\u011b - Biomechanika","isPartOf":{"@id":"https:\/\/www.biomechanika.cz\/cs_cz\/#website"},"datePublished":"2025-03-03T17:23:57+00:00","dateModified":"2025-03-15T09:04:37+00:00","breadcrumb":{"@id":"http:\/\/www.biomechanika.cz\/cs_cz\/pracoviste\/#breadcrumb"},"inLanguage":"cs","potentialAction":[{"@type":"ReadAction","target":["http:\/\/www.biomechanika.cz\/cs_cz\/pracoviste\/"]}]},{"@type":"BreadcrumbList","@id":"http:\/\/www.biomechanika.cz\/cs_cz\/pracoviste\/#breadcrumb","itemListElement":[{"@type":"ListItem","position":1,"name":"Dom\u016f","item":"https:\/\/www.biomechanika.cz\/cs_cz\/"},{"@type":"ListItem","position":2,"name":"Pracovi\u0161t\u011b"}]},{"@type":"WebSite","@id":"https:\/\/www.biomechanika.cz\/cs_cz\/#website","url":"https:\/\/www.biomechanika.cz\/cs_cz\/","name":"Versute Investments","description":"\u00dastav mechaniky, biomechaniky a mechatroniky \u010cVUT","publisher":{"@id":"https:\/\/www.biomechanika.cz\/cs_cz\/#organization"},"potentialAction":[{"@type":"SearchAction","target":{"@type":"EntryPoint","urlTemplate":"https:\/\/www.biomechanika.cz\/cs_cz\/?s={search_term_string}"},"query-input":{"@type":"PropertyValueSpecification","valueRequired":true,"valueName":"search_term_string"}}],"inLanguage":"cs"},{"@type":"Organization","@id":"https:\/\/www.biomechanika.cz\/cs_cz\/#organization","name":"Versute Investments","url":"https:\/\/www.biomechanika.cz\/cs_cz\/","logo":{"@type":"ImageObject","inLanguage":"cs","@id":"https:\/\/www.biomechanika.cz\/cs_cz\/#\/schema\/logo\/image\/","url":"https:\/\/www.biomechanika.cz\/wp-content\/uploads\/2024\/08\/hlavni-logo134-removebg-preview.png","contentUrl":"https:\/\/www.biomechanika.cz\/wp-content\/uploads\/2024\/08\/hlavni-logo134-removebg-preview.png","width":408,"height":89,"caption":"Versute Investments"},"image":{"@id":"https:\/\/www.biomechanika.cz\/cs_cz\/#\/schema\/logo\/image\/"},"sameAs":["https:\/\/cz.linkedin.com\/company\/versute-investments"]}]}},"_links":{"self":[{"href":"https:\/\/www.biomechanika.cz\/cs_cz\/wp-json\/wp\/v2\/pages\/7033","targetHints":{"allow":["GET"]}}],"collection":[{"href":"https:\/\/www.biomechanika.cz\/cs_cz\/wp-json\/wp\/v2\/pages"}],"about":[{"href":"https:\/\/www.biomechanika.cz\/cs_cz\/wp-json\/wp\/v2\/types\/page"}],"author":[{"embeddable":true,"href":"https:\/\/www.biomechanika.cz\/cs_cz\/wp-json\/wp\/v2\/users\/1"}],"replies":[{"embeddable":true,"href":"https:\/\/www.biomechanika.cz\/cs_cz\/wp-json\/wp\/v2\/comments?post=7033"}],"version-history":[{"count":5,"href":"https:\/\/www.biomechanika.cz\/cs_cz\/wp-json\/wp\/v2\/pages\/7033\/revisions"}],"predecessor-version":[{"id":8095,"href":"https:\/\/www.biomechanika.cz\/cs_cz\/wp-json\/wp\/v2\/pages\/7033\/revisions\/8095"}],"wp:attachment":[{"href":"https:\/\/www.biomechanika.cz\/cs_cz\/wp-json\/wp\/v2\/media?parent=7033"}],"curies":[{"name":"wp","href":"https:\/\/api.w.org\/{rel}","templated":true}]}}