{"id":7044,"date":"2025-03-03T17:32:59","date_gmt":"2025-03-03T17:32:59","guid":{"rendered":"https:\/\/www.biomechanika.cz\/?page_id=7044"},"modified":"2025-12-03T09:08:37","modified_gmt":"2025-12-03T09:08:37","slug":"laborator-kardiovaskularni-biomechaniky","status":"publish","type":"page","link":"http:\/\/www.biomechanika.cz\/en\/laborator-kardiovaskularni-biomechaniky\/","title":{"rendered":"Laborato\u0159 kardiovaskul\u00e1rn\u00ed biomechaniky"},"content":{"rendered":"","protected":false},"excerpt":{"rendered":"","protected":false},"author":1,"featured_media":0,"parent":0,"menu_order":0,"comment_status":"closed","ping_status":"closed","template":"","meta":{"footnotes":""},"class_list":["post-7044","page","type-page","status-publish","hentry"],"yoast_head":"<!-- This site is optimized with the Yoast SEO plugin v26.4 - https:\/\/yoast.com\/wordpress\/plugins\/seo\/ -->\n<title>Laborato\u0159 kardiovaskul\u00e1rn\u00ed biomechaniky - Biomechanika<\/title>\n<meta name=\"robots\" content=\"index, follow, max-snippet:-1, max-image-preview:large, max-video-preview:-1\" \/>\n<link rel=\"canonical\" href=\"http:\/\/www.biomechanika.cz\/en\/laborator-kardiovaskularni-biomechaniky\/\" \/>\n<meta property=\"og:locale\" content=\"en_US\" \/>\n<meta property=\"og:type\" content=\"article\" \/>\n<meta property=\"og:title\" content=\"Laborato\u0159 kardiovaskul\u00e1rn\u00ed biomechaniky - Biomechanika\" \/>\n<meta property=\"og:url\" content=\"http:\/\/www.biomechanika.cz\/en\/laborator-kardiovaskularni-biomechaniky\/\" \/>\n<meta property=\"og:site_name\" content=\"Biomechanika\" \/>\n<meta property=\"article:modified_time\" content=\"2025-12-03T09:08:37+00:00\" \/>\n<meta name=\"twitter:card\" content=\"summary_large_image\" \/>\n<meta name=\"twitter:label1\" content=\"Est. reading time\" \/>\n\t<meta name=\"twitter:data1\" content=\"4 minutes\" \/>\n<script type=\"application\/ld+json\" class=\"yoast-schema-graph\">{\"@context\":\"https:\/\/schema.org\",\"@graph\":[{\"@type\":\"WebPage\",\"@id\":\"http:\/\/www.biomechanika.cz\/cs_cz\/laborator-kardiovaskularni-biomechaniky\/\",\"url\":\"http:\/\/www.biomechanika.cz\/cs_cz\/laborator-kardiovaskularni-biomechaniky\/\",\"name\":\"Laborato\u0159 kardiovaskul\u00e1rn\u00ed biomechaniky - Biomechanika\",\"isPartOf\":{\"@id\":\"https:\/\/www.biomechanika.cz\/cs_cz\/#website\"},\"datePublished\":\"2025-03-03T17:32:59+00:00\",\"dateModified\":\"2025-12-03T09:08:37+00:00\",\"breadcrumb\":{\"@id\":\"http:\/\/www.biomechanika.cz\/cs_cz\/laborator-kardiovaskularni-biomechaniky\/#breadcrumb\"},\"inLanguage\":\"en-US\",\"potentialAction\":[{\"@type\":\"ReadAction\",\"target\":[\"http:\/\/www.biomechanika.cz\/cs_cz\/laborator-kardiovaskularni-biomechaniky\/\"]}]},{\"@type\":\"BreadcrumbList\",\"@id\":\"http:\/\/www.biomechanika.cz\/cs_cz\/laborator-kardiovaskularni-biomechaniky\/#breadcrumb\",\"itemListElement\":[{\"@type\":\"ListItem\",\"position\":1,\"name\":\"Dom\u016f\",\"item\":\"https:\/\/www.biomechanika.cz\/cs_cz\/\"},{\"@type\":\"ListItem\",\"position\":2,\"name\":\"Laborato\u0159 kardiovaskul\u00e1rn\u00ed biomechaniky\"}]},{\"@type\":\"WebSite\",\"@id\":\"https:\/\/www.biomechanika.cz\/cs_cz\/#website\",\"url\":\"https:\/\/www.biomechanika.cz\/cs_cz\/\",\"name\":\"Versute Investments\",\"description\":\"\u00dastav mechaniky, biomechaniky a mechatroniky \u010cVUT\",\"publisher\":{\"@id\":\"https:\/\/www.biomechanika.cz\/cs_cz\/#organization\"},\"potentialAction\":[{\"@type\":\"SearchAction\",\"target\":{\"@type\":\"EntryPoint\",\"urlTemplate\":\"https:\/\/www.biomechanika.cz\/cs_cz\/?s={search_term_string}\"},\"query-input\":{\"@type\":\"PropertyValueSpecification\",\"valueRequired\":true,\"valueName\":\"search_term_string\"}}],\"inLanguage\":\"en-US\"},{\"@type\":\"Organization\",\"@id\":\"https:\/\/www.biomechanika.cz\/cs_cz\/#organization\",\"name\":\"Versute Investments\",\"url\":\"https:\/\/www.biomechanika.cz\/cs_cz\/\",\"logo\":{\"@type\":\"ImageObject\",\"inLanguage\":\"en-US\",\"@id\":\"https:\/\/www.biomechanika.cz\/cs_cz\/#\/schema\/logo\/image\/\",\"url\":\"https:\/\/www.biomechanika.cz\/wp-content\/uploads\/2024\/08\/hlavni-logo134-removebg-preview.png\",\"contentUrl\":\"https:\/\/www.biomechanika.cz\/wp-content\/uploads\/2024\/08\/hlavni-logo134-removebg-preview.png\",\"width\":408,\"height\":89,\"caption\":\"Versute Investments\"},\"image\":{\"@id\":\"https:\/\/www.biomechanika.cz\/cs_cz\/#\/schema\/logo\/image\/\"},\"sameAs\":[\"https:\/\/cz.linkedin.com\/company\/versute-investments\"]}]}<\/script>\n<!-- \/ Yoast SEO plugin. -->","yoast_head_json":{"title":"Laborato\u0159 kardiovaskul\u00e1rn\u00ed biomechaniky - Biomechanika","robots":{"index":"index","follow":"follow","max-snippet":"max-snippet:-1","max-image-preview":"max-image-preview:large","max-video-preview":"max-video-preview:-1"},"canonical":"http:\/\/www.biomechanika.cz\/en\/laborator-kardiovaskularni-biomechaniky\/","og_locale":"en_US","og_type":"article","og_title":"Laborato\u0159 kardiovaskul\u00e1rn\u00ed biomechaniky - Biomechanika","og_url":"http:\/\/www.biomechanika.cz\/en\/laborator-kardiovaskularni-biomechaniky\/","og_site_name":"Biomechanika","article_modified_time":"2025-12-03T09:08:37+00:00","twitter_card":"summary_large_image","twitter_misc":{"Est. reading time":"4 minutes"},"schema":{"@context":"https:\/\/schema.org","@graph":[{"@type":"WebPage","@id":"http:\/\/www.biomechanika.cz\/cs_cz\/laborator-kardiovaskularni-biomechaniky\/","url":"http:\/\/www.biomechanika.cz\/cs_cz\/laborator-kardiovaskularni-biomechaniky\/","name":"Laborato\u0159 kardiovaskul\u00e1rn\u00ed biomechaniky - Biomechanika","isPartOf":{"@id":"https:\/\/www.biomechanika.cz\/cs_cz\/#website"},"datePublished":"2025-03-03T17:32:59+00:00","dateModified":"2025-12-03T09:08:37+00:00","breadcrumb":{"@id":"http:\/\/www.biomechanika.cz\/cs_cz\/laborator-kardiovaskularni-biomechaniky\/#breadcrumb"},"inLanguage":"en-US","potentialAction":[{"@type":"ReadAction","target":["http:\/\/www.biomechanika.cz\/cs_cz\/laborator-kardiovaskularni-biomechaniky\/"]}]},{"@type":"BreadcrumbList","@id":"http:\/\/www.biomechanika.cz\/cs_cz\/laborator-kardiovaskularni-biomechaniky\/#breadcrumb","itemListElement":[{"@type":"ListItem","position":1,"name":"Dom\u016f","item":"https:\/\/www.biomechanika.cz\/cs_cz\/"},{"@type":"ListItem","position":2,"name":"Laborato\u0159 kardiovaskul\u00e1rn\u00ed biomechaniky"}]},{"@type":"WebSite","@id":"https:\/\/www.biomechanika.cz\/cs_cz\/#website","url":"https:\/\/www.biomechanika.cz\/cs_cz\/","name":"Versute Investments","description":"\u00dastav mechaniky, biomechaniky a mechatroniky \u010cVUT","publisher":{"@id":"https:\/\/www.biomechanika.cz\/cs_cz\/#organization"},"potentialAction":[{"@type":"SearchAction","target":{"@type":"EntryPoint","urlTemplate":"https:\/\/www.biomechanika.cz\/cs_cz\/?s={search_term_string}"},"query-input":{"@type":"PropertyValueSpecification","valueRequired":true,"valueName":"search_term_string"}}],"inLanguage":"en-US"},{"@type":"Organization","@id":"https:\/\/www.biomechanika.cz\/cs_cz\/#organization","name":"Versute Investments","url":"https:\/\/www.biomechanika.cz\/cs_cz\/","logo":{"@type":"ImageObject","inLanguage":"en-US","@id":"https:\/\/www.biomechanika.cz\/cs_cz\/#\/schema\/logo\/image\/","url":"https:\/\/www.biomechanika.cz\/wp-content\/uploads\/2024\/08\/hlavni-logo134-removebg-preview.png","contentUrl":"https:\/\/www.biomechanika.cz\/wp-content\/uploads\/2024\/08\/hlavni-logo134-removebg-preview.png","width":408,"height":89,"caption":"Versute Investments"},"image":{"@id":"https:\/\/www.biomechanika.cz\/cs_cz\/#\/schema\/logo\/image\/"},"sameAs":["https:\/\/cz.linkedin.com\/company\/versute-investments"]}]}},"_links":{"self":[{"href":"http:\/\/www.biomechanika.cz\/en\/wp-json\/wp\/v2\/pages\/7044","targetHints":{"allow":["GET"]}}],"collection":[{"href":"http:\/\/www.biomechanika.cz\/en\/wp-json\/wp\/v2\/pages"}],"about":[{"href":"http:\/\/www.biomechanika.cz\/en\/wp-json\/wp\/v2\/types\/page"}],"author":[{"embeddable":true,"href":"http:\/\/www.biomechanika.cz\/en\/wp-json\/wp\/v2\/users\/1"}],"replies":[{"embeddable":true,"href":"http:\/\/www.biomechanika.cz\/en\/wp-json\/wp\/v2\/comments?post=7044"}],"version-history":[{"count":5,"href":"http:\/\/www.biomechanika.cz\/en\/wp-json\/wp\/v2\/pages\/7044\/revisions"}],"predecessor-version":[{"id":8666,"href":"http:\/\/www.biomechanika.cz\/en\/wp-json\/wp\/v2\/pages\/7044\/revisions\/8666"}],"wp:attachment":[{"href":"http:\/\/www.biomechanika.cz\/en\/wp-json\/wp\/v2\/media?parent=7044"}],"curies":[{"name":"wp","href":"https:\/\/api.w.org\/{rel}","templated":true}]}}